{"id":1274,"date":"2023-07-07T14:23:09","date_gmt":"2023-07-07T14:23:09","guid":{"rendered":"https:\/\/hairbyajdinramic.ba\/?post_type=product&#038;p=1274"},"modified":"2025-02-16T13:12:01","modified_gmt":"2025-02-16T13:12:01","slug":"kerastase-blond-absolu-cicaplasme-serum-150ml","status":"publish","type":"product","link":"https:\/\/hairbyajdinramic.ba\/?product=kerastase-blond-absolu-cicaplasme-serum-150ml","title":{"rendered":"K\u00e9rastase Blond Absolu Cicaplasme Serum 150ml"},"content":{"rendered":"<p>Ova krema bez ispiranja u boji lavande oja\u010dava osjetljivu blond, posvijetljenu, kosu s pramenovima i sijedu kosu. Oboga\u0107ena hijaluronskom kiselinom i ekstraktom cvijetom runolista, Cicaplasme zagla\u0111uje ispucale vrhove i povr\u0161inu vlakna kose za ujedna\u010den dodir i dugotrajnu kontrolu frizz efekta.Trenuta\u010dno njeguje o\u0161te\u0107ena podru\u010dja vlakana. \u0160titi od topline do 230 \u00b0 C prilikom stiliziranja toplinskim ure\u0111ajima. Pru\u017ea za\u0161titu od nakupljanja one\u010di\u0161\u0107enja na vlaknima kose. Kosa je mekana i sjajna.<br \/>\nKlju\u010dni sastojci:<br \/>\nJedinstvena kombinacija sna\u017ene hijaluronske kiseline i cvijeta runolista:<br \/>\nHijaluronska kiselina poma\u017ee hidratizirati vlakna kako bi pru\u017eila meko\u0107u, lako\u0107u i gipkost.<br \/>\nRunolist je poznat po svojoj sposobnosti da se odupre klimatskim i okoli\u0161nim promjenama. Ve\u0107 dokazan u njezi ko\u017ee, K\u00e9rastase je iskoristio za\u0161titne, umiruju\u0107e mo\u0107i za va\u0161u kosu.<\/p>\n","protected":false},"excerpt":{"rendered":"<p>Ostavlja kosu 32% ja\u010dom*<br \/>\nOsigurava trenutnu i 24-satnu kontrolu frizz efekta \u010dak i pri visokim uvjetima vla\u017enosti**<br \/>\n\u0160titi od topline do 230 \u00b0C.<br \/>\nPru\u017ea za\u0161titu vlakana od nakupljanja naslaga ne\u010disto\u0107a<\/p>\n<p>*Instrumentalni test nakon nano\u0161enja kupke, maske i njege bez ispiranja.<br \/>\n**Instrumentalni test<\/p>\n","protected":false},"featured_media":1538,"template":"","meta":{"_eb_attr":"","inline_featured_image":false,"site-sidebar-layout":"default","site-content-layout":"content-boxed-container","ast-global-header-display":"","ast-banner-title-visibility":"","ast-main-header-display":"","ast-hfb-above-header-display":"","ast-hfb-below-header-display":"","ast-hfb-mobile-header-display":"","site-post-title":"","ast-breadcrumbs-content":"","ast-featured-img":"","footer-sml-layout":"","theme-transparent-header-meta":"default","adv-header-id-meta":"","stick-header-meta":"","header-above-stick-meta":"","header-main-stick-meta":"","header-below-stick-meta":""},"product_cat":[26],"product_tag":[],"class_list":{"0":"post-1274","1":"product","2":"type-product","3":"status-publish","4":"has-post-thumbnail","6":"product_cat-ulja","7":"desktop-align-center","8":"tablet-align-left","9":"mobile-align-left","11":"first","12":"instock","13":"shipping-taxable","14":"purchasable","15":"product-type-simple"},"_links":{"self":[{"href":"https:\/\/hairbyajdinramic.ba\/index.php?rest_route=\/wp\/v2\/product\/1274","targetHints":{"allow":["GET"]}}],"collection":[{"href":"https:\/\/hairbyajdinramic.ba\/index.php?rest_route=\/wp\/v2\/product"}],"about":[{"href":"https:\/\/hairbyajdinramic.ba\/index.php?rest_route=\/wp\/v2\/types\/product"}],"wp:featuredmedia":[{"embeddable":true,"href":"https:\/\/hairbyajdinramic.ba\/index.php?rest_route=\/wp\/v2\/media\/1538"}],"wp:attachment":[{"href":"https:\/\/hairbyajdinramic.ba\/index.php?rest_route=%2Fwp%2Fv2%2Fmedia&parent=1274"}],"wp:term":[{"taxonomy":"product_cat","embeddable":true,"href":"https:\/\/hairbyajdinramic.ba\/index.php?rest_route=%2Fwp%2Fv2%2Fproduct_cat&post=1274"},{"taxonomy":"product_tag","embeddable":true,"href":"https:\/\/hairbyajdinramic.ba\/index.php?rest_route=%2Fwp%2Fv2%2Fproduct_tag&post=1274"}],"curies":[{"name":"wp","href":"https:\/\/api.w.org\/{rel}","templated":true}]}}