{"id":1331,"date":"2023-07-07T14:23:22","date_gmt":"2023-07-07T14:23:22","guid":{"rendered":"https:\/\/hairbyajdinramic.ba\/?post_type=product&#038;p=1331"},"modified":"2025-02-16T13:53:08","modified_gmt":"2025-02-16T13:53:08","slug":"kerastase-genesis-serum-za-kosu-90ml","status":"publish","type":"product","link":"https:\/\/hairbyajdinramic.ba\/?product=kerastase-genesis-serum-za-kosu-90ml","title":{"rendered":"K\u00e9rastase Genesis Serum Za Kosu 90ml"},"content":{"rendered":"<p>Oja\u010davaju\u0107i dnevni serum za kosu sklonu opadanju uslijed lomljivosti. Formula oboga\u0107ena mo\u0107nom kombinacijom Aminexil i korijena \u0111umbira, serum pobolj\u0161ava otpornost kose kako bi se smanjilo opadanje kose uslijed lomljenja i postigao zdrav izgled. Iz dana u dan serum oja\u010dava prirodnu za\u0161titnu barijeru vlasi\u0161ta. Gelasta tekstura olak\u0161ava nano\u0161enje i izbjegava rasipanje proizvoda. Kosa je ja\u010da i ljep\u0161a sa zdravijim izgledom.<br \/>\nKlju\u010dni sastojci:<br \/>\nJedinstvena kombinacija korijena \u0111umbira i izvornih stanica runolika: korijen \u0111umbira poznat je po svojoj sposobnosti za\u0161tite od svakodnevnih vanjskih agresora. Edelweiss Native Cells poznat je u njezi ko\u017ee po svojoj antioksidativnoj mo\u0107i i svojstvima o\u010duvanja kolagena. Cvijet runolist sposoban je izdr\u017eati najekstremnije uvjete.<\/p>\n","protected":false},"excerpt":{"rendered":"<p>Zna\u010dajna djelotvornost protiv opadanja kose nakon 6 tjedana uporabe *<br \/>\nZna\u010dajan umiruju\u0107i u\u010dinak sa smanjenjem ukupnog svrbe\u017ea i nelagode nakon 3 tjedna uporabe **<br \/>\nPoma\u017ee u o\u010duvanju prirodne za\u0161titne barijere vlasi\u0161ta ***<br \/>\n* Klini\u010dko istra\u017eivanje, 99 osoba nakon 6 tjedana upotrebe<br \/>\n** Klini\u010dko istra\u017eivanje, 99 osoba nakon 3 tjedna uporabe<br \/>\n** * Klini\u010dka instrumentalna studija<\/p>\n","protected":false},"featured_media":1918,"template":"","meta":{"_eb_attr":"","inline_featured_image":false,"site-sidebar-layout":"default","site-content-layout":"default","ast-global-header-display":"","ast-banner-title-visibility":"","ast-main-header-display":"","ast-hfb-above-header-display":"","ast-hfb-below-header-display":"","ast-hfb-mobile-header-display":"","site-post-title":"","ast-breadcrumbs-content":"","ast-featured-img":"","footer-sml-layout":"","theme-transparent-header-meta":"default","adv-header-id-meta":"","stick-header-meta":"","header-above-stick-meta":"","header-main-stick-meta":"","header-below-stick-meta":""},"product_cat":[26],"product_tag":[],"class_list":{"0":"post-1331","1":"product","2":"type-product","3":"status-publish","4":"has-post-thumbnail","6":"product_cat-ulja","7":"desktop-align-center","8":"tablet-align-left","9":"mobile-align-left","11":"first","12":"instock","13":"shipping-taxable","14":"purchasable","15":"product-type-simple"},"_links":{"self":[{"href":"https:\/\/hairbyajdinramic.ba\/index.php?rest_route=\/wp\/v2\/product\/1331","targetHints":{"allow":["GET"]}}],"collection":[{"href":"https:\/\/hairbyajdinramic.ba\/index.php?rest_route=\/wp\/v2\/product"}],"about":[{"href":"https:\/\/hairbyajdinramic.ba\/index.php?rest_route=\/wp\/v2\/types\/product"}],"wp:featuredmedia":[{"embeddable":true,"href":"https:\/\/hairbyajdinramic.ba\/index.php?rest_route=\/wp\/v2\/media\/1918"}],"wp:attachment":[{"href":"https:\/\/hairbyajdinramic.ba\/index.php?rest_route=%2Fwp%2Fv2%2Fmedia&parent=1331"}],"wp:term":[{"taxonomy":"product_cat","embeddable":true,"href":"https:\/\/hairbyajdinramic.ba\/index.php?rest_route=%2Fwp%2Fv2%2Fproduct_cat&post=1331"},{"taxonomy":"product_tag","embeddable":true,"href":"https:\/\/hairbyajdinramic.ba\/index.php?rest_route=%2Fwp%2Fv2%2Fproduct_tag&post=1331"}],"curies":[{"name":"wp","href":"https:\/\/api.w.org\/{rel}","templated":true}]}}