{"id":2089,"date":"2023-07-11T21:29:55","date_gmt":"2023-07-11T21:29:55","guid":{"rendered":"https:\/\/hairbyajdinramic.ba\/?post_type=product&#038;p=2089"},"modified":"2025-02-16T12:52:02","modified_gmt":"2025-02-16T12:52:02","slug":"kerastase-paris-nutritive-nutri-supplement-serum-za-vlasiste-90ml","status":"publish","type":"product","link":"https:\/\/hairbyajdinramic.ba\/?product=kerastase-paris-nutritive-nutri-supplement-serum-za-vlasiste-90ml","title":{"rendered":"K\u00e9rastase Paris Nutritive Nutri-Supplement Serum Za Vlasi\u0161te 90ml"},"content":{"rendered":"<p>Hidratiziraju\u0107i serum za vlasi\u0161te\u200b je hidratantni serum za normalno do suho vlasi\u0161te. Ovo je na\u0161a vrhunska njega za vlasi\u0161te: serum oboga\u0107en niacinamidom i vitaminima pru\u017ea intenzivnu njegu i hidrataciju suhe kose. Ovaj serum za suho vlasi\u0161te ima nemasnu teku\u0107u formulu. Djeluju\u0107i kao hranjivi dodatak vlasi\u0161tu, njegova mlije\u010dna tekstura koja se brzo upija \u010dini ga pogodnim specijaliziranim za suhu kosu.<\/p>\n<p>PREDNOSTI NUTRITIVE HIDRATIZIRAJU\u0106EG SERUMA:<br \/>\nTrenuta\u010dna intenzivna doza hidratacije za vlasi\u0161te\u200b<br \/>\nIznimna njega na razini vlasi\u0161ta za njegovanu, sjajnu i kosu zdravog izgleda\u200b<br \/>\nNjeguje vlasi\u0161te esencijalnim vitaminima\u200b<br \/>\n\u010cuva barijeru vlasi\u0161ta<\/p>\n","protected":false},"excerpt":{"rendered":"<p>Healthy moisturizing scalp serum &#8211; DRY SCALP<\/p>\n<p>Immediate hydration shot for a dry scalp.<br \/>\nCreates a healthier basis for new hair growth.<br \/>\nFeeds essential vitamins to a dry scalp.<br \/>\nPreservers dry scalp barrier.<\/p>\n<p>Up to +23% scalp moisture.*<br \/>\nVitamin-Infused &amp; Oil-Infused &amp; Paraben-Free.<\/p>\n","protected":false},"featured_media":2127,"template":"","meta":{"_eb_attr":"","inline_featured_image":false,"site-sidebar-layout":"default","site-content-layout":"content-boxed-container","ast-global-header-display":"","ast-banner-title-visibility":"","ast-main-header-display":"","ast-hfb-above-header-display":"","ast-hfb-below-header-display":"","ast-hfb-mobile-header-display":"","site-post-title":"","ast-breadcrumbs-content":"","ast-featured-img":"","footer-sml-layout":"","theme-transparent-header-meta":"default","adv-header-id-meta":"","stick-header-meta":"","header-above-stick-meta":"","header-main-stick-meta":"","header-below-stick-meta":""},"product_cat":[26],"product_tag":[],"class_list":{"0":"post-2089","1":"product","2":"type-product","3":"status-publish","4":"has-post-thumbnail","6":"product_cat-ulja","7":"desktop-align-center","8":"tablet-align-left","9":"mobile-align-left","11":"first","12":"instock","13":"shipping-taxable","14":"purchasable","15":"product-type-simple"},"_links":{"self":[{"href":"https:\/\/hairbyajdinramic.ba\/index.php?rest_route=\/wp\/v2\/product\/2089","targetHints":{"allow":["GET"]}}],"collection":[{"href":"https:\/\/hairbyajdinramic.ba\/index.php?rest_route=\/wp\/v2\/product"}],"about":[{"href":"https:\/\/hairbyajdinramic.ba\/index.php?rest_route=\/wp\/v2\/types\/product"}],"wp:featuredmedia":[{"embeddable":true,"href":"https:\/\/hairbyajdinramic.ba\/index.php?rest_route=\/wp\/v2\/media\/2127"}],"wp:attachment":[{"href":"https:\/\/hairbyajdinramic.ba\/index.php?rest_route=%2Fwp%2Fv2%2Fmedia&parent=2089"}],"wp:term":[{"taxonomy":"product_cat","embeddable":true,"href":"https:\/\/hairbyajdinramic.ba\/index.php?rest_route=%2Fwp%2Fv2%2Fproduct_cat&post=2089"},{"taxonomy":"product_tag","embeddable":true,"href":"https:\/\/hairbyajdinramic.ba\/index.php?rest_route=%2Fwp%2Fv2%2Fproduct_tag&post=2089"}],"curies":[{"name":"wp","href":"https:\/\/api.w.org\/{rel}","templated":true}]}}